{"id":675,"date":"2019-04-11T04:56:52","date_gmt":"2019-04-11T04:56:52","guid":{"rendered":"https:\/\/c4f.studio\/offline\/proptech\/?page_id=675"},"modified":"2024-08-14T08:02:53","modified_gmt":"2024-08-14T08:02:53","slug":"comprar","status":"publish","type":"page","link":"https:\/\/c4f.studio\/offline\/proptech\/comprar\/","title":{"rendered":"Comprar"},"content":{"rendered":"<section class=\"pe-main-section pe-view-layout-block pe-view-layout-block-1 pe-style-light pe-bg-center pe-parallax\" id=\"section-section1\" style=\"padding: 170px 0px 0px 0px; background-image:url(https:\/\/c4f.studio\/offline\/proptech\/wp-content\/uploads\/2024\/08\/Latinoamericacenter-copy.jpg);background-position: 50% 0;background-repeat:repeat;\">\n<\/section>\n<section class=\"pe-main-section pe-view-layout-block pe-view-layout-block-6 pe-style-light\" id=\"section-section6\" style=\"padding: 60px 0px 60px 0px; background-color:#cccccc;background-color:rgba(204,204,204,1);\">\n<h2><strong>COMPRAR ENTRADAS<\/strong><\/br>  <\/br>  Elige como te gustar\u00eda participar en PropTech Latam Summit Chile 2019<\/h2>\n<div class=\"pe-block pe-view-layout-block pe-view-layout-block-2 pe-container  pe-view-layout-class-pricingtable\">\n<div class=\"row-fluid pe-container pricing-table three-col\">\n<div class=\"col high\">\n<div class=\"pe-block pe-view-layout-block pe-view-layout-block-3  pe-view-layout-class-pricingcolumn\">\n<div class=\"wrap-inner\">\n<div class=\"head\">\n<h3><strong>EARLY BIRD<\/strong><\/br> Hasta el 30 de Abril<\/h3>\n<\/p><\/div>\n<div class=\"price\">\n<h1>u$s <strong>200.-<\/strong><\/h1>\n<\/p><\/div>\n<ul>\n<li>* Pase full conferencias<\/li>\n<li>* \u00c1rea de Networking<\/li>\n<li>* Suscripci\u00f3n <strong>FOCUS Proptech digital<\/strong><\/li>\n<li><\/li>\n<li>\n<p style=\"text-align: center;\"><a class=\"contour-btn\" rel=\"nofollow\" href=\"#\"><strong>Comprar<\/strong><\/a><\/p>\n<\/li>\n<\/ul>\n<div class=\"foot\">\n\t\t\t<\/div>\n<\/div>\n<\/div>\n<\/div>\n<div class=\"col \">\n<div class=\"pe-block pe-view-layout-block pe-view-layout-block-4  pe-view-layout-class-pricingcolumn\">\n<div class=\"wrap-inner\">\n<div class=\"head\">\n<h3><strong>DESCUENTO 25%<\/strong> <\/br> Desde el 1 de Mayo al 4 de Junio<\/h3>\n<\/p><\/div>\n<div class=\"price\">\n<h1>u$s <strong>300.-<\/strong><\/h1>\n<\/p><\/div>\n<ul>\n<li>* Pase full conferencias<\/li>\n<li>* \u00c1rea de Networking<\/li>\n<li>* Suscripci\u00f3n <strong>FOCUS Proptech digital<\/strong><\/li>\n<li><\/li>\n<li>\n<p style=\"text-align: center;\"><a class=\"contour-btn\" rel=\"nofollow\" href=\"#\"><strong>Comprar<\/strong><\/a><\/p>\n<\/li>\n<\/ul>\n<div class=\"foot\">\n\t\t\t<\/div>\n<\/div>\n<\/div>\n<\/div>\n<div class=\"col \">\n<div class=\"pe-block pe-view-layout-block pe-view-layout-block-5  pe-view-layout-class-pricingcolumn\">\n<div class=\"wrap-inner\">\n<div class=\"head\">\n<h3><strong>FULL PRICE<\/strong> <\/br> Desde 5 de Junio y OnSite<\/h3>\n<\/p><\/div>\n<div class=\"price\">\n<h1>u$s <strong>400.-<\/strong><\/h1>\n<\/p><\/div>\n<ul>\n<li>* Pase full conferencias<\/li>\n<li>* Area de Networking<\/li>\n<li>* Suscripci\u00f3n <strong>FOCUS Proptech digital<\/strong><\/li>\n<li><\/li>\n<li>\n<p style=\"text-align: center;\"><a class=\"contour-btn\" rel=\"nofollow\" href=\"#\"><strong>Comprar<\/strong><\/a><\/p>\n<\/li>\n<\/ul>\n<div class=\"foot\">\n\t\t\t<\/div>\n<\/div>\n<\/div>\n<\/div>\n<\/div>\n<\/div>\n<div class=\"pe-block pe-view-layout-block pe-view-layout-block-10 pe-container  pe-view-layout-class-pricingtable\">\n<div class=\"row-fluid pe-container pricing-table three-col\">\n<div class=\"col \">\n<div class=\"pe-block pe-view-layout-block pe-view-layout-block-11  pe-view-layout-class-pricingcolumn\">\n<div class=\"wrap-inner\">\n<div class=\"head\">\n<h3><strong>PACK EMPRESA<\/strong> <\/br> V\u00e1lido Hasta 20 de Mayo 2019<\/h3>\n<\/p><\/div>\n<div class=\"price\">\n<h1>u$s <strong>1000.-<\/strong><\/h1>\n<\/p><\/div>\n<ul>\n<li>* 3 Pases full conferencias<\/li>\n<li>* \u00c1rea de Networking<\/li>\n<li>* Suscripci\u00f3n <strong>FOCUS Proptech digital<\/strong><\/li>\n<li>* Su marca en <strong>Empresas que Acompa\u00f1an<\/strong><\/li>\n<li><\/li>\n<li><\/li>\n<li>\n<p style=\"text-align: center;\"><a class=\"contour-btn\" rel=\"nofollow\" href=\"#\"><strong>Comprar<\/strong><\/a><\/p>\n<\/li>\n<\/ul>\n<div class=\"foot\">\n\t\t\t<\/div>\n<\/div>\n<\/div>\n<\/div>\n<div class=\"col low\">\n<div class=\"pe-block pe-view-layout-block pe-view-layout-block-12  pe-view-layout-class-pricingcolumn\">\n<div class=\"wrap-inner\">\n<div class=\"head\">\n<h3>  <\/br><strong>PATROCINIO<\/strong><\/h3>\n<\/p><\/div>\n<div class=\"price\">\n<h1>Consultar<\/h1>\n<\/p><\/div>\n<ul>\n<li>* 4 Pases full conferencias<\/li>\n<li>* Visibilidad de marca<\/li>\n<li>* Campa\u00f1a de comunicaci\u00f3n<\/li>\n<li>* Participaci\u00f3n en conferencia<\/li>\n<li>* Publicidad en bolet\u00edn y <strong>FOCUS PropTech<\/strong><\/li>\n<li><\/li>\n<li>\n<p style=\"text-align: center;\"><a class=\"contour-btn\" rel=\"nofollow\" href=\"#\"><strong>Comprar<\/strong><\/a><\/p>\n<\/li>\n<\/ul>\n<div class=\"foot\">\n\t\t\t<\/div>\n<\/div>\n<\/div>\n<\/div>\n<div class=\"col \">\n<div class=\"pe-block pe-view-layout-block pe-view-layout-block-13  pe-view-layout-class-pricingcolumn\">\n<div class=\"wrap-inner\">\n<div class=\"head\">\n<h3>PLATAFORMA DE<\/br> <strong>COMUNICACI\u00d3N<\/strong><\/h3>\n<\/p><\/div>\n<div class=\"price\">\n<h1>Consultar<\/h1>\n<\/p><\/div>\n<ul>\n<li>* Generaci\u00f3n de contenido<\/li>\n<li>* Aviso publicitario en <strong>FOCUS PropTech<\/strong><\/li>\n<li>* Banner en Newsletter semanal <\/li>\n<li>* Difusi\u00f3n en <strong>RRSS PropTech Latam<\/strong><\/li>\n<li>* Campa\u00f1a de Email marketing<\/li>\n<li><\/li>\n<li>\n<p style=\"text-align: center;\"><a class=\"contour-btn\" rel=\"nofollow\" href=\"#\"><strong>Comprar<\/strong><\/a><\/p>\n<\/li>\n<\/ul>\n<div class=\"foot\">\n\t\t\t<\/div>\n<\/div>\n<\/div>\n<\/div>\n<\/div>\n<\/div>\n<\/section>\n","protected":false},"excerpt":{"rendered":"<p>COMPRAR ENTRADAS Elige como te gustar\u00eda participar en PropTech Latam Summit Chile 2019 EARLY BIRD Hasta el 30 de Abril u$s 200.- * Pase full conferencias * \u00c1rea de Networking * Suscripci\u00f3n FOCUS Proptech digital Comprar DESCUENTO 25% Desde el 1 de Mayo al 4 de Junio u$s 300.- * Pase full conferencias * \u00c1rea<\/p>\n","protected":false},"author":4,"featured_media":0,"parent":0,"menu_order":0,"comment_status":"closed","ping_status":"closed","template":"page_builder.php","meta":{"inline_featured_image":false,"footnotes":""},"class_list":["post-675","page","type-page","status-publish","hentry"],"_links":{"self":[{"href":"https:\/\/c4f.studio\/offline\/proptech\/wp-json\/wp\/v2\/pages\/675","targetHints":{"allow":["GET"]}}],"collection":[{"href":"https:\/\/c4f.studio\/offline\/proptech\/wp-json\/wp\/v2\/pages"}],"about":[{"href":"https:\/\/c4f.studio\/offline\/proptech\/wp-json\/wp\/v2\/types\/page"}],"author":[{"embeddable":true,"href":"https:\/\/c4f.studio\/offline\/proptech\/wp-json\/wp\/v2\/users\/4"}],"replies":[{"embeddable":true,"href":"https:\/\/c4f.studio\/offline\/proptech\/wp-json\/wp\/v2\/comments?post=675"}],"version-history":[{"count":38,"href":"https:\/\/c4f.studio\/offline\/proptech\/wp-json\/wp\/v2\/pages\/675\/revisions"}],"predecessor-version":[{"id":855,"href":"https:\/\/c4f.studio\/offline\/proptech\/wp-json\/wp\/v2\/pages\/675\/revisions\/855"}],"wp:attachment":[{"href":"https:\/\/c4f.studio\/offline\/proptech\/wp-json\/wp\/v2\/media?parent=675"}],"curies":[{"name":"wp","href":"https:\/\/api.w.org\/{rel}","templated":true}]}}